{"id":35542,"date":"2025-09-28T21:19:01","date_gmt":"2025-09-28T19:19:01","guid":{"rendered":"https:\/\/www.karlschnell.de\/?page_id=35542"},"modified":"2025-12-08T12:53:24","modified_gmt":"2025-12-08T11:53:24","slug":"innovation-center","status":"publish","type":"page","link":"https:\/\/www.karlschnell.de\/pl\/innovation-center\/","title":{"rendered":"Innovation Center"},"content":{"rendered":"\t\t<div data-elementor-type=\"wp-page\" data-elementor-id=\"35542\" class=\"elementor elementor-35542 elementor-27420\" data-elementor-post-type=\"page\">\n\t\t\t\t\t\t<section class=\"elementor-section elementor-top-section elementor-element elementor-element-fda25bd elementor-section-boxed elementor-section-height-default elementor-section-height-default\" data-id=\"fda25bd\" data-element_type=\"section\" data-e-type=\"section\" data-settings=\"{&quot;jet_parallax_layout_list&quot;:[]}\">\n\t\t\t\t\t\t<div class=\"elementor-container elementor-column-gap-default\">\n\t\t\t\t\t<div class=\"elementor-column elementor-col-100 elementor-top-column elementor-element elementor-element-8d70415\" data-id=\"8d70415\" data-element_type=\"column\" data-e-type=\"column\">\n\t\t\t<div class=\"elementor-widget-wrap elementor-element-populated\">\n\t\t\t\t\t\t<div class=\"elementor-element elementor-element-17f6cec elementor-widget elementor-widget-image\" data-id=\"17f6cec\" data-element_type=\"widget\" data-e-type=\"widget\" data-widget_type=\"image.default\">\n\t\t\t\t<div class=\"elementor-widget-container\">\n\t\t\t\t\t\t\t\t\t\t\t\t\t\t\t<img fetchpriority=\"high\" decoding=\"async\" width=\"2560\" height=\"514\" src=\"https:\/\/www.karlschnell.de\/wp-content\/uploads\/2023\/09\/KS-Innovation-Center-Maschinenpark_3b-scaled.jpg\" class=\"attachment-full size-full wp-image-39188\" alt=\"\" srcset=\"https:\/\/www.karlschnell.de\/wp-content\/uploads\/2023\/09\/KS-Innovation-Center-Maschinenpark_3b-scaled.jpg 2560w, https:\/\/www.karlschnell.de\/wp-content\/uploads\/2023\/09\/KS-Innovation-Center-Maschinenpark_3b-300x60.jpg 300w, https:\/\/www.karlschnell.de\/wp-content\/uploads\/2023\/09\/KS-Innovation-Center-Maschinenpark_3b-1024x205.jpg 1024w, https:\/\/www.karlschnell.de\/wp-content\/uploads\/2023\/09\/KS-Innovation-Center-Maschinenpark_3b-768x154.jpg 768w, https:\/\/www.karlschnell.de\/wp-content\/uploads\/2023\/09\/KS-Innovation-Center-Maschinenpark_3b-1536x308.jpg 1536w, https:\/\/www.karlschnell.de\/wp-content\/uploads\/2023\/09\/KS-Innovation-Center-Maschinenpark_3b-2048x411.jpg 2048w\" sizes=\"(max-width: 2560px) 100vw, 2560px\" \/>\t\t\t\t\t\t\t\t\t\t\t\t\t\t\t<\/div>\n\t\t\t\t<\/div>\n\t\t\t\t<div class=\"elementor-element elementor-element-3a16f94 elementor-widget elementor-widget-heading\" data-id=\"3a16f94\" data-element_type=\"widget\" data-e-type=\"widget\" data-widget_type=\"heading.default\">\n\t\t\t\t<div class=\"elementor-widget-container\">\n\t\t\t\t\t<h1 class=\"elementor-heading-title elementor-size-default\">KARL SCHNELL INNOVATION CENTER<\/h1>\t\t\t\t<\/div>\n\t\t\t\t<\/div>\n\t\t\t\t<div class=\"elementor-element elementor-element-f2bb75b elementor-widget elementor-widget-heading\" data-id=\"f2bb75b\" data-element_type=\"widget\" data-e-type=\"widget\" data-widget_type=\"heading.default\">\n\t\t\t\t<div class=\"elementor-widget-container\">\n\t\t\t\t\t<h2 class=\"elementor-heading-title elementor-size-default\">Innowacja czynnika sukcesu<\/h2>\t\t\t\t<\/div>\n\t\t\t\t<\/div>\n\t\t\t\t<div class=\"elementor-element elementor-element-ce0f8c0 elementor-widget elementor-widget-text-editor\" data-id=\"ce0f8c0\" data-element_type=\"widget\" data-e-type=\"widget\" data-widget_type=\"text-editor.default\">\n\t\t\t\t<div class=\"elementor-widget-container\">\n\t\t\t\t\t\t\t\t\t<p><strong>Spersonalizuj sw\u00f3j produkt!<\/strong><\/p><p>Rozw\u00f3j i wdra\u017canie innowacyjnych receptur i produkt\u00f3w staje si\u0119 coraz wa\u017cniejsze dla producent\u00f3w ser\u00f3w topionych i ro\u015blinnych alternatyw. Aby w pe\u0142ni wykorzysta\u0107 potencja\u0142 innowacji jako czynnika sukcesu, niezb\u0119dny jest nowoczesny i elastyczny park maszynowy oraz wysoki poziom wiedzy technologicznej. Stanowi to podstaw\u0119 realnej przewagi konkurencyjnej i udanego wprowadzenia produktu na rynek.<\/p><p>Jako \u015bredniej wielko\u015bci firma in\u017cynieryjno-mechaniczna stawiamy najwy\u017csze wymagania jako\u015bci i niezawodno\u015bci naszych maszyn.<\/p><p>Skuteczna strategia high-tech oparta na wykwalifikowanych specjalistach i pracach in\u017cynieryjnych, intensywnych pracach badawczo-rozwojowych oraz krajowym \u0142a\u0144cuchu warto\u015bci stanowi fundament naszych system\u00f3w premium.<\/p><p>Nasze nowe KS INNOVATION CENTER, zajmuj\u0105ce si\u0119 technologi\u0105 ser\u00f3w i wyrob\u00f3w garma\u017ceryjnych, oferuje nam mo\u017cliwo\u015b\u0107 analizy i optymalizacji istniej\u0105cych proces\u00f3w we wsp\u00f3\u0142pracy z naszymi klientami. Stanowi ono r\u00f3wnie\u017c doskona\u0142\u0105 platform\u0119 do rozwoju nowych produkt\u00f3w.<\/p><p>Minione lata pokaza\u0142y nam, jak wa\u017cne jest \u0142\u0105czenie kompetencji in\u017cynieryjnych z wiedz\u0105 technologiczn\u0105 w dzisiejszej globalnej sytuacji rynkowej. Aby sprosta\u0107 wyzwaniom transformacji do gospodarki cyfrowej.<\/p><p>Mo\u017cemy dostarcza\u0107 naszym klientom nowe rozwi\u0105zania i jeste\u015bmy dobrze przygotowani na przysz\u0142e rynki.<\/p>\t\t\t\t\t\t\t\t<\/div>\n\t\t\t\t<\/div>\n\t\t\t\t<div class=\"elementor-element elementor-element-7acd108 elementor-widget elementor-widget-heading\" data-id=\"7acd108\" data-element_type=\"widget\" data-e-type=\"widget\" data-widget_type=\"heading.default\">\n\t\t\t\t<div class=\"elementor-widget-container\">\n\t\t\t\t\t<h2 class=\"elementor-heading-title elementor-size-default\">Warto\u015b\u0107 dodana dzi\u0119ki automatyzacji high-tech<\/h2>\t\t\t\t<\/div>\n\t\t\t\t<\/div>\n\t\t\t\t<div class=\"elementor-element elementor-element-e8e148b elementor-widget elementor-widget-text-editor\" data-id=\"e8e148b\" data-element_type=\"widget\" data-e-type=\"widget\" data-widget_type=\"text-editor.default\">\n\t\t\t\t<div class=\"elementor-widget-container\">\n\t\t\t\t\t\t\t\t\t<p>KS INNOVATION CENTERw Wangen w po\u0142udniowych Niemczech oferuje najnowocze\u015bniejsze technologie w zakresie rozwoju, bada\u0144 i szkole\u0144. Dost\u0119pny jest kompletny park maszynowy dla ca\u0142ego \u0142a\u0144cucha procesowego \u2013 o modu\u0142owej konstrukcji i wysokim stopniu automatyzacji.<\/p><p>Wyposa\u017cone w automat procesowy i mieszalnik, a tak\u017ce lini\u0119 technologiczn\u0105 sk\u0142adaj\u0105c\u0105 si\u0119 z silosu, jednostki grzewczej UHT i zbiornika do ubijania.<\/p><p>Mo\u017cna przeprowadza\u0107 zar\u00f3wno procesy na zimno, jak i na gor\u0105co z pasteryzacj\u0105 lub sterylizacj\u0105 \u2013 z wykorzystaniem technik wysokiego i niskiego \u015bcinania.<\/p><p>Maszyny wyposa\u017cone s\u0105 w liczne funkcje zapewniaj\u0105ce maksymaln\u0105 elastyczno\u015b\u0107 procesu. Na przyk\u0142ad, bezpo\u015brednie i po\u015brednie ogrzewanie lub ch\u0142odzenie, urz\u0105dzenia pr\u00f3\u017cniowe, systemy cyrkulacji i emulgowania z kontrol\u0105 wszystkich si\u0142 \u015bcinania, czyszczenie CIP itp.<\/p><p>Umo\u017cliwia to produkcj\u0119 szerokiej gamy produkt\u00f3w o okre\u015blonym stopniu rozdrobnienia, a tak\u017ce delikatne wprowadzanie du\u017cych sk\u0142adnik\u00f3w receptury.<\/p><p>Wszystkie sekwencje procesu s\u0105 \u0142atwe w sterowaniu i odtwarzaniu za pomoc\u0105 KS Automation. Dane s\u0105 przechowywane w KS Report Manager.<\/p><p>Wiedza technologiczna, poparta dziesi\u0119cioleciami do\u015bwiadcze\u0144 we wszystkich obszarach produkcji \u017cywno\u015bci, jest decyduj\u0105cym czynnikiem w kompleksowym rozwoju receptur i proces\u00f3w.<\/p><p>Techniczne i technologiczne do\u015bwiadczenie KS INNOVATION CENTER oferuje nieograniczon\u0105 r\u00f3\u017cnorodno\u015b\u0107 proces\u00f3w i receptur \u2013 od ser\u00f3w w blokach, przez dipy, kremy, sosy, po rekombinowane sery topione, a\u017c po wega\u0144skie alternatywy \u2013 wszystko jest mo\u017cliwe.<\/p><p><strong>Korzy\u015bci dla naszych klient\u00f3w s\u0105 oczywiste<\/strong><\/p><p>Produkujesz \u017cywno\u015b\u0107 wysokiej jako\u015bci \u2013 wspieramy Ci\u0119 w ca\u0142ym \u0142a\u0144cuchu procesowym i wsp\u00f3lnie z Tob\u0105 pracujemy nad rozwi\u0105zaniami szytymi na miar\u0119.<\/p><p>Oferujemy Ci rozw\u00f3j nowych produkt\u00f3w lub optymalizacj\u0119 istniej\u0105cego asortymentu, a tak\u017ce produkcj\u0119 pr\u00f3bek w skali pilota\u017cowej. Park maszynowy w centrum rozwoju umo\u017cliwia niezawodne skalowanie parametr\u00f3w procesu i projektowanie instalacji do p\u00f3\u017aniejszej produkcji przemys\u0142owej. Walidacja chemiczno-fizyczna i mikrobiologiczna produkt\u00f3w wytwarzanych na instalacjach pilota\u017cowych mo\u017ce by\u0107 przeprowadzona na miejscu w dowolnym momencie.<\/p><p>Ponadto, we wsp\u00f3\u0142pracy z naszymi partnerami, oferujemy badania projektowe.<\/p><p>Regularnie oferujemy szkolenia i seminaria z ca\u0142ej dziedziny.<\/p><p>W skr\u00f3cie: oferujemy Ci innowacj\u0119!<\/p><p><u><a href=\"mailto:innovation.center@karlschnell.de\">innovation.center@karlschnell.de<\/a><\/u><\/p>\t\t\t\t\t\t\t\t<\/div>\n\t\t\t\t<\/div>\n\t\t\t\t\t<\/div>\n\t\t<\/div>\n\t\t\t\t\t<\/div>\n\t\t<\/section>\n\t\t\t\t<section class=\"elementor-section elementor-top-section elementor-element elementor-element-d494186 elementor-section-boxed elementor-section-height-default elementor-section-height-default\" data-id=\"d494186\" data-element_type=\"section\" data-e-type=\"section\" data-settings=\"{&quot;jet_parallax_layout_list&quot;:[]}\">\n\t\t\t\t\t\t<div class=\"elementor-container elementor-column-gap-default\">\n\t\t\t\t\t<div class=\"elementor-column elementor-col-100 elementor-top-column elementor-element elementor-element-13406b9\" data-id=\"13406b9\" data-element_type=\"column\" data-e-type=\"column\">\n\t\t\t<div class=\"elementor-widget-wrap elementor-element-populated\">\n\t\t\t\t\t\t<div class=\"elementor-element elementor-element-d19fa62 elementor-widget elementor-widget-gallery\" data-id=\"d19fa62\" data-element_type=\"widget\" data-e-type=\"widget\" data-settings=\"{&quot;lazyload&quot;:&quot;yes&quot;,&quot;gallery_layout&quot;:&quot;grid&quot;,&quot;columns&quot;:4,&quot;columns_tablet&quot;:2,&quot;columns_mobile&quot;:1,&quot;gap&quot;:{&quot;unit&quot;:&quot;px&quot;,&quot;size&quot;:10,&quot;sizes&quot;:[]},&quot;gap_tablet&quot;:{&quot;unit&quot;:&quot;px&quot;,&quot;size&quot;:10,&quot;sizes&quot;:[]},&quot;gap_mobile&quot;:{&quot;unit&quot;:&quot;px&quot;,&quot;size&quot;:10,&quot;sizes&quot;:[]},&quot;link_to&quot;:&quot;file&quot;,&quot;aspect_ratio&quot;:&quot;3:2&quot;,&quot;overlay_background&quot;:&quot;yes&quot;,&quot;content_hover_animation&quot;:&quot;fade-in&quot;}\" data-widget_type=\"gallery.default\">\n\t\t\t\t<div class=\"elementor-widget-container\">\n\t\t\t\t\t\t\t<div class=\"elementor-gallery__container\">\n\t\t\t\t\t\t\t<a class=\"e-gallery-item elementor-gallery-item elementor-animated-content\" href=\"https:\/\/www.karlschnell.de\/wp-content\/uploads\/2023\/01\/KS-Innovation-Center-Maschinenpark.jpg\" data-elementor-open-lightbox=\"yes\" data-elementor-lightbox-slideshow=\"d19fa62\" data-elementor-lightbox-title=\"KS Innovation Center Maschinenpark\" data-e-action-hash=\"#elementor-action%3Aaction%3Dlightbox%26settings%3DeyJpZCI6MzkwMTAsInVybCI6Imh0dHBzOlwvXC93d3cua2FybHNjaG5lbGwuZGVcL3dwLWNvbnRlbnRcL3VwbG9hZHNcLzIwMjNcLzAxXC9LUy1Jbm5vdmF0aW9uLUNlbnRlci1NYXNjaGluZW5wYXJrLmpwZyIsInNsaWRlc2hvdyI6ImQxOWZhNjIifQ%3D%3D\">\n\t\t\t\t\t<div class=\"e-gallery-image elementor-gallery-item__image\" data-thumbnail=\"https:\/\/www.karlschnell.de\/wp-content\/uploads\/2023\/01\/KS-Innovation-Center-Maschinenpark-300x169.jpg\" data-width=\"300\" data-height=\"169\" aria-label=\"\" role=\"img\" ><\/div>\n\t\t\t\t\t\t\t\t\t\t\t<div class=\"elementor-gallery-item__overlay\"><\/div>\n\t\t\t\t\t\t\t\t\t\t\t\t\t\t<\/a>\n\t\t\t\t\t\t\t<a class=\"e-gallery-item elementor-gallery-item elementor-animated-content\" href=\"https:\/\/www.karlschnell.de\/wp-content\/uploads\/2023\/01\/Kaesecremes.jpg\" data-elementor-open-lightbox=\"yes\" data-elementor-lightbox-slideshow=\"d19fa62\" data-elementor-lightbox-title=\"Fried cheese sticks\" data-e-action-hash=\"#elementor-action%3Aaction%3Dlightbox%26settings%3DeyJpZCI6MzkwMDksInVybCI6Imh0dHBzOlwvXC93d3cua2FybHNjaG5lbGwuZGVcL3dwLWNvbnRlbnRcL3VwbG9hZHNcLzIwMjNcLzAxXC9LYWVzZWNyZW1lcy5qcGciLCJzbGlkZXNob3ciOiJkMTlmYTYyIn0%3D\">\n\t\t\t\t\t<div class=\"e-gallery-image elementor-gallery-item__image\" data-thumbnail=\"https:\/\/www.karlschnell.de\/wp-content\/uploads\/2023\/01\/Kaesecremes-300x169.jpg\" data-width=\"300\" data-height=\"169\" aria-label=\"\" role=\"img\" ><\/div>\n\t\t\t\t\t\t\t\t\t\t\t<div class=\"elementor-gallery-item__overlay\"><\/div>\n\t\t\t\t\t\t\t\t\t\t\t\t\t\t<\/a>\n\t\t\t\t\t\t\t<a class=\"e-gallery-item elementor-gallery-item elementor-animated-content\" href=\"https:\/\/www.karlschnell.de\/wp-content\/uploads\/2023\/01\/Image_Women_Cream-Cheese_02_HD.jpg\" data-elementor-open-lightbox=\"yes\" data-elementor-lightbox-slideshow=\"d19fa62\" data-elementor-lightbox-title=\"Image_Women_Cream Cheese_02_HD\" data-e-action-hash=\"#elementor-action%3Aaction%3Dlightbox%26settings%3DeyJpZCI6MzkwMDgsInVybCI6Imh0dHBzOlwvXC93d3cua2FybHNjaG5lbGwuZGVcL3dwLWNvbnRlbnRcL3VwbG9hZHNcLzIwMjNcLzAxXC9JbWFnZV9Xb21lbl9DcmVhbS1DaGVlc2VfMDJfSEQuanBnIiwic2xpZGVzaG93IjoiZDE5ZmE2MiJ9\">\n\t\t\t\t\t<div class=\"e-gallery-image elementor-gallery-item__image\" data-thumbnail=\"https:\/\/www.karlschnell.de\/wp-content\/uploads\/2023\/01\/Image_Women_Cream-Cheese_02_HD-300x169.jpg\" data-width=\"300\" data-height=\"169\" aria-label=\"\" role=\"img\" ><\/div>\n\t\t\t\t\t\t\t\t\t\t\t<div class=\"elementor-gallery-item__overlay\"><\/div>\n\t\t\t\t\t\t\t\t\t\t\t\t\t\t<\/a>\n\t\t\t\t\t\t\t<a class=\"e-gallery-item elementor-gallery-item elementor-animated-content\" href=\"https:\/\/www.karlschnell.de\/wp-content\/uploads\/2023\/01\/IC-Seminar-03.jpg\" data-elementor-open-lightbox=\"yes\" data-elementor-lightbox-slideshow=\"d19fa62\" data-elementor-lightbox-title=\"IC Seminar 03\" data-e-action-hash=\"#elementor-action%3Aaction%3Dlightbox%26settings%3DeyJpZCI6MzkwMDcsInVybCI6Imh0dHBzOlwvXC93d3cua2FybHNjaG5lbGwuZGVcL3dwLWNvbnRlbnRcL3VwbG9hZHNcLzIwMjNcLzAxXC9JQy1TZW1pbmFyLTAzLmpwZyIsInNsaWRlc2hvdyI6ImQxOWZhNjIifQ%3D%3D\">\n\t\t\t\t\t<div class=\"e-gallery-image elementor-gallery-item__image\" data-thumbnail=\"https:\/\/www.karlschnell.de\/wp-content\/uploads\/2023\/01\/IC-Seminar-03-300x169.jpg\" data-width=\"300\" data-height=\"169\" aria-label=\"\" role=\"img\" ><\/div>\n\t\t\t\t\t\t\t\t\t\t\t<div class=\"elementor-gallery-item__overlay\"><\/div>\n\t\t\t\t\t\t\t\t\t\t\t\t\t\t<\/a>\n\t\t\t\t\t\t\t<a class=\"e-gallery-item elementor-gallery-item elementor-animated-content\" href=\"https:\/\/www.karlschnell.de\/wp-content\/uploads\/2023\/01\/Cream-Cheese_11_HD.jpg\" data-elementor-open-lightbox=\"yes\" data-elementor-lightbox-slideshow=\"d19fa62\" data-elementor-lightbox-title=\"cream cheese with chili and tomato, dip sauce\" data-e-action-hash=\"#elementor-action%3Aaction%3Dlightbox%26settings%3DeyJpZCI6MzM3MjQsInVybCI6Imh0dHBzOlwvXC93d3cua2FybHNjaG5lbGwuZGVcL3dwLWNvbnRlbnRcL3VwbG9hZHNcLzIwMjNcLzAxXC9DcmVhbS1DaGVlc2VfMTFfSEQuanBnIiwic2xpZGVzaG93IjoiZDE5ZmE2MiJ9\">\n\t\t\t\t\t<div class=\"e-gallery-image elementor-gallery-item__image\" data-thumbnail=\"https:\/\/www.karlschnell.de\/wp-content\/uploads\/2023\/01\/Cream-Cheese_11_HD-300x169.jpg\" data-width=\"300\" data-height=\"169\" aria-label=\"\" role=\"img\" ><\/div>\n\t\t\t\t\t\t\t\t\t\t\t<div class=\"elementor-gallery-item__overlay\"><\/div>\n\t\t\t\t\t\t\t\t\t\t\t\t\t\t<\/a>\n\t\t\t\t\t\t\t<a class=\"e-gallery-item elementor-gallery-item elementor-animated-content\" href=\"https:\/\/www.karlschnell.de\/wp-content\/uploads\/2023\/01\/KS-Team-HD.jpg\" data-elementor-open-lightbox=\"yes\" data-elementor-lightbox-slideshow=\"d19fa62\" data-elementor-lightbox-title=\"KS Team HD\" data-e-action-hash=\"#elementor-action%3Aaction%3Dlightbox%26settings%3DeyJpZCI6MzkwMTEsInVybCI6Imh0dHBzOlwvXC93d3cua2FybHNjaG5lbGwuZGVcL3dwLWNvbnRlbnRcL3VwbG9hZHNcLzIwMjNcLzAxXC9LUy1UZWFtLUhELmpwZyIsInNsaWRlc2hvdyI6ImQxOWZhNjIifQ%3D%3D\">\n\t\t\t\t\t<div class=\"e-gallery-image elementor-gallery-item__image\" data-thumbnail=\"https:\/\/www.karlschnell.de\/wp-content\/uploads\/2023\/01\/KS-Team-HD-300x169.jpg\" data-width=\"300\" data-height=\"169\" aria-label=\"\" role=\"img\" ><\/div>\n\t\t\t\t\t\t\t\t\t\t\t<div class=\"elementor-gallery-item__overlay\"><\/div>\n\t\t\t\t\t\t\t\t\t\t\t\t\t\t<\/a>\n\t\t\t\t\t\t\t<a class=\"e-gallery-item elementor-gallery-item elementor-animated-content\" href=\"https:\/\/www.karlschnell.de\/wp-content\/uploads\/2025\/12\/Pizza-Cheese_03_HD.jpg\" data-elementor-open-lightbox=\"yes\" data-elementor-lightbox-slideshow=\"d19fa62\" data-elementor-lightbox-title=\"Hot pizza\" data-e-action-hash=\"#elementor-action%3Aaction%3Dlightbox%26settings%3DeyJpZCI6NDA2NTIsInVybCI6Imh0dHBzOlwvXC93d3cua2FybHNjaG5lbGwuZGVcL3dwLWNvbnRlbnRcL3VwbG9hZHNcLzIwMjVcLzEyXC9QaXp6YS1DaGVlc2VfMDNfSEQuanBnIiwic2xpZGVzaG93IjoiZDE5ZmE2MiJ9\">\n\t\t\t\t\t<div class=\"e-gallery-image elementor-gallery-item__image\" data-thumbnail=\"https:\/\/www.karlschnell.de\/wp-content\/uploads\/2025\/12\/Pizza-Cheese_03_HD-300x169.jpg\" data-width=\"300\" data-height=\"169\" aria-label=\"\" role=\"img\" ><\/div>\n\t\t\t\t\t\t\t\t\t\t\t<div class=\"elementor-gallery-item__overlay\"><\/div>\n\t\t\t\t\t\t\t\t\t\t\t\t\t\t<\/a>\n\t\t\t\t\t\t\t<a class=\"e-gallery-item elementor-gallery-item elementor-animated-content\" href=\"https:\/\/www.karlschnell.de\/wp-content\/uploads\/2023\/01\/Aussenansicht-LAZBW-HD.jpg\" data-elementor-open-lightbox=\"yes\" data-elementor-lightbox-slideshow=\"d19fa62\" data-elementor-lightbox-title=\"Au\u00dfenansicht LAZBW HD\" data-e-action-hash=\"#elementor-action%3Aaction%3Dlightbox%26settings%3DeyJpZCI6MzkwMTMsInVybCI6Imh0dHBzOlwvXC93d3cua2FybHNjaG5lbGwuZGVcL3dwLWNvbnRlbnRcL3VwbG9hZHNcLzIwMjNcLzAxXC9BdXNzZW5hbnNpY2h0LUxBWkJXLUhELmpwZyIsInNsaWRlc2hvdyI6ImQxOWZhNjIifQ%3D%3D\">\n\t\t\t\t\t<div class=\"e-gallery-image elementor-gallery-item__image\" data-thumbnail=\"https:\/\/www.karlschnell.de\/wp-content\/uploads\/2023\/01\/Aussenansicht-LAZBW-HD-300x169.jpg\" data-width=\"300\" data-height=\"169\" aria-label=\"\" role=\"img\" ><\/div>\n\t\t\t\t\t\t\t\t\t\t\t<div class=\"elementor-gallery-item__overlay\"><\/div>\n\t\t\t\t\t\t\t\t\t\t\t\t\t\t<\/a>\n\t\t\t\t\t\t\t<a class=\"e-gallery-item elementor-gallery-item elementor-animated-content\" href=\"https:\/\/www.karlschnell.de\/wp-content\/uploads\/2023\/01\/IC-Seminar-01.jpg\" data-elementor-open-lightbox=\"yes\" data-elementor-lightbox-slideshow=\"d19fa62\" data-elementor-lightbox-title=\"IC Seminar 01\" data-e-action-hash=\"#elementor-action%3Aaction%3Dlightbox%26settings%3DeyJpZCI6MzkwMDUsInVybCI6Imh0dHBzOlwvXC93d3cua2FybHNjaG5lbGwuZGVcL3dwLWNvbnRlbnRcL3VwbG9hZHNcLzIwMjNcLzAxXC9JQy1TZW1pbmFyLTAxLmpwZyIsInNsaWRlc2hvdyI6ImQxOWZhNjIifQ%3D%3D\">\n\t\t\t\t\t<div class=\"e-gallery-image elementor-gallery-item__image\" data-thumbnail=\"https:\/\/www.karlschnell.de\/wp-content\/uploads\/2023\/01\/IC-Seminar-01-300x169.jpg\" data-width=\"300\" data-height=\"169\" aria-label=\"\" role=\"img\" ><\/div>\n\t\t\t\t\t\t\t\t\t\t\t<div class=\"elementor-gallery-item__overlay\"><\/div>\n\t\t\t\t\t\t\t\t\t\t\t\t\t\t<\/a>\n\t\t\t\t\t\t\t<a class=\"e-gallery-item elementor-gallery-item elementor-animated-content\" href=\"https:\/\/www.karlschnell.de\/wp-content\/uploads\/2023\/01\/Rekombinierte-Schmelzkaesezubereitungen.jpg\" data-elementor-open-lightbox=\"yes\" data-elementor-lightbox-slideshow=\"d19fa62\" data-elementor-lightbox-title=\"Rekombinierte Schmelzk\u00e4sezubereitungen\" data-e-action-hash=\"#elementor-action%3Aaction%3Dlightbox%26settings%3DeyJpZCI6MzM2ODUsInVybCI6Imh0dHBzOlwvXC93d3cua2FybHNjaG5lbGwuZGVcL3dwLWNvbnRlbnRcL3VwbG9hZHNcLzIwMjNcLzAxXC9SZWtvbWJpbmllcnRlLVNjaG1lbHprYWVzZXp1YmVyZWl0dW5nZW4uanBnIiwic2xpZGVzaG93IjoiZDE5ZmE2MiJ9\">\n\t\t\t\t\t<div class=\"e-gallery-image elementor-gallery-item__image\" data-thumbnail=\"https:\/\/www.karlschnell.de\/wp-content\/uploads\/2023\/01\/Rekombinierte-Schmelzkaesezubereitungen-300x169.jpg\" data-width=\"300\" data-height=\"169\" aria-label=\"\" role=\"img\" ><\/div>\n\t\t\t\t\t\t\t\t\t\t\t<div class=\"elementor-gallery-item__overlay\"><\/div>\n\t\t\t\t\t\t\t\t\t\t\t\t\t\t<\/a>\n\t\t\t\t\t\t\t<a class=\"e-gallery-item elementor-gallery-item elementor-animated-content\" href=\"https:\/\/www.karlschnell.de\/wp-content\/uploads\/2023\/01\/IC-Seminar-02.jpg\" data-elementor-open-lightbox=\"yes\" data-elementor-lightbox-slideshow=\"d19fa62\" data-elementor-lightbox-title=\"IC Seminar 02\" data-e-action-hash=\"#elementor-action%3Aaction%3Dlightbox%26settings%3DeyJpZCI6MzkwMDYsInVybCI6Imh0dHBzOlwvXC93d3cua2FybHNjaG5lbGwuZGVcL3dwLWNvbnRlbnRcL3VwbG9hZHNcLzIwMjNcLzAxXC9JQy1TZW1pbmFyLTAyLmpwZyIsInNsaWRlc2hvdyI6ImQxOWZhNjIifQ%3D%3D\">\n\t\t\t\t\t<div class=\"e-gallery-image elementor-gallery-item__image\" data-thumbnail=\"https:\/\/www.karlschnell.de\/wp-content\/uploads\/2023\/01\/IC-Seminar-02-300x169.jpg\" data-width=\"300\" data-height=\"169\" aria-label=\"\" role=\"img\" ><\/div>\n\t\t\t\t\t\t\t\t\t\t\t<div class=\"elementor-gallery-item__overlay\"><\/div>\n\t\t\t\t\t\t\t\t\t\t\t\t\t\t<\/a>\n\t\t\t\t\t\t\t<a class=\"e-gallery-item elementor-gallery-item elementor-animated-content\" href=\"https:\/\/www.karlschnell.de\/wp-content\/uploads\/2023\/01\/Vegane-Alternativen.jpg\" data-elementor-open-lightbox=\"yes\" data-elementor-lightbox-slideshow=\"d19fa62\" data-elementor-lightbox-title=\"vegan Cheese on a plate against wooden background\" data-e-action-hash=\"#elementor-action%3Aaction%3Dlightbox%26settings%3DeyJpZCI6MzkwMTIsInVybCI6Imh0dHBzOlwvXC93d3cua2FybHNjaG5lbGwuZGVcL3dwLWNvbnRlbnRcL3VwbG9hZHNcLzIwMjNcLzAxXC9WZWdhbmUtQWx0ZXJuYXRpdmVuLmpwZyIsInNsaWRlc2hvdyI6ImQxOWZhNjIifQ%3D%3D\">\n\t\t\t\t\t<div class=\"e-gallery-image elementor-gallery-item__image\" data-thumbnail=\"https:\/\/www.karlschnell.de\/wp-content\/uploads\/2023\/01\/Vegane-Alternativen-300x169.jpg\" data-width=\"300\" data-height=\"169\" aria-label=\"\" role=\"img\" ><\/div>\n\t\t\t\t\t\t\t\t\t\t\t<div class=\"elementor-gallery-item__overlay\"><\/div>\n\t\t\t\t\t\t\t\t\t\t\t\t\t\t<\/a>\n\t\t\t\t\t<\/div>\n\t\t\t\t\t<\/div>\n\t\t\t\t<\/div>\n\t\t\t\t\t<\/div>\n\t\t<\/div>\n\t\t\t\t\t<\/div>\n\t\t<\/section>\n\t\t\t\t<\/div>\n\t\t","protected":false},"excerpt":{"rendered":"<p>KARL SCHNELL INNOVATION CENTER Innowacja czynnika sukcesu Spersonalizuj sw\u00f3j produkt! Rozw\u00f3j i wdra\u017canie innowacyjnych receptur i produkt\u00f3w staje si\u0119 coraz wa\u017cniejsze dla producent\u00f3w ser\u00f3w topionych i ro\u015blinnych alternatyw. Aby w pe\u0142ni wykorzysta\u0107 potencja\u0142 innowacji jako czynnika sukcesu, niezb\u0119dny jest nowoczesny i elastyczny park maszynowy oraz wysoki poziom wiedzy technologicznej. Stanowi to podstaw\u0119 realnej przewagi konkurencyjnej [&hellip;]<\/p>\n","protected":false},"author":6,"featured_media":0,"parent":0,"menu_order":0,"comment_status":"closed","ping_status":"closed","template":"full-width.php","meta":{"_acf_changed":false,"footnotes":""},"class_list":["post-35542","page","type-page","status-publish","hentry"],"acf":[],"_links":{"self":[{"href":"https:\/\/www.karlschnell.de\/pl\/wp-json\/wp\/v2\/pages\/35542","targetHints":{"allow":["GET"]}}],"collection":[{"href":"https:\/\/www.karlschnell.de\/pl\/wp-json\/wp\/v2\/pages"}],"about":[{"href":"https:\/\/www.karlschnell.de\/pl\/wp-json\/wp\/v2\/types\/page"}],"author":[{"embeddable":true,"href":"https:\/\/www.karlschnell.de\/pl\/wp-json\/wp\/v2\/users\/6"}],"replies":[{"embeddable":true,"href":"https:\/\/www.karlschnell.de\/pl\/wp-json\/wp\/v2\/comments?post=35542"}],"version-history":[{"count":10,"href":"https:\/\/www.karlschnell.de\/pl\/wp-json\/wp\/v2\/pages\/35542\/revisions"}],"predecessor-version":[{"id":40675,"href":"https:\/\/www.karlschnell.de\/pl\/wp-json\/wp\/v2\/pages\/35542\/revisions\/40675"}],"wp:attachment":[{"href":"https:\/\/www.karlschnell.de\/pl\/wp-json\/wp\/v2\/media?parent=35542"}],"curies":[{"name":"wp","href":"https:\/\/api.w.org\/{rel}","templated":true}]}}